{"id":53,"date":"2025-03-28T03:26:40","date_gmt":"2025-03-28T03:26:40","guid":{"rendered":"https:\/\/demo2wpopal.b-cdn.net\/spaciaz\/?page_id=53"},"modified":"2025-06-26T10:50:14","modified_gmt":"2025-06-26T05:50:14","slug":"testler","status":"publish","type":"page","link":"https:\/\/zomincement.uz\/uz\/testler\/","title":{"rendered":"Sinovlar"},"content":{"rendered":"<div data-elementor-type=\"wp-page\" data-elementor-id=\"53\" class=\"elementor elementor-53\">\n\t\t\t\t<div class=\"elementor-element elementor-element-552538a e-con-full e-flex e-con e-parent\" data-id=\"552538a\" data-element_type=\"container\" data-settings=\"{&quot;background_background&quot;:&quot;classic&quot;}\">\n\t\t<div class=\"elementor-element elementor-element-88278ca e-flex e-con-boxed e-con e-child\" data-id=\"88278ca\" data-element_type=\"container\">\n\t\t\t\t\t<div class=\"e-con-inner\">\n\t\t\t\t<div class=\"elementor-element elementor-element-427c553 elementor-widget elementor-widget-page-title\" data-id=\"427c553\" data-element_type=\"widget\" data-widget_type=\"page-title.default\">\n\t\t\t\t<div class=\"elementor-widget-container\">\n\t\t\t\t\t\t\t\n\t\t<div class=\"hfe-page-title hfe-page-title-wrapper elementor-widget-heading\">\n\n\t\t\t\t\t\t\t\t<h2 class=\"elementor-heading-title elementor-size-default\">\n\t\t\t\t\t\t\t\t\n\t\t\t\tSinovlar  \n\t\t\t<\/h2> \n\t\t\t\t\t<\/div>\n\t\t\t\t\t\t<\/div>\n\t\t\t\t<\/div>\n\t\t\t\t\t<\/div>\n\t\t\t\t<\/div>\n\t\t\t\t<div class=\"elementor-element elementor-element-46a8626 elementor-widget elementor-widget-spacer\" data-id=\"46a8626\" data-element_type=\"widget\" data-widget_type=\"spacer.default\">\n\t\t\t\t<div class=\"elementor-widget-container\">\n\t\t\t\t\t\t\t<div class=\"elementor-spacer\">\n\t\t\t<div class=\"elementor-spacer-inner\"><\/div>\n\t\t<\/div>\n\t\t\t\t\t\t<\/div>\n\t\t\t\t<\/div>\n\t\t\t\t<\/div>\n\t\t<div class=\"elementor-element elementor-element-27154d7 e-flex e-con-boxed e-con e-parent\" data-id=\"27154d7\" data-element_type=\"container\">\n\t\t\t\t\t<div class=\"e-con-inner\">\n\t\t\t\t<div class=\"elementor-element elementor-element-f013c79 box-width-yes elementor-widget__width-initial animated-fast spaciaz-scrolling-ltr elementor-invisible elementor-widget elementor-widget-spaciaz-slide-scrolling\" data-id=\"f013c79\" data-element_type=\"widget\" data-settings=\"{&quot;_animation&quot;:&quot;opal-helix&quot;}\" data-widget_type=\"spaciaz-slide-scrolling.default\">\n\t\t\t\t<div class=\"elementor-widget-container\">\n\t\t\t\t\t            <div class=\"elementor-scrolling\">\n                <div class=\"elementor-scrolling-wrapper\">\n                                            <div class=\"elementor-scrolling-inner\">\n                                                            <div class=\"elementor-scrolling-item\">\n                                    <div class=\"elementor-scrolling-item-inner\">\n\n                                        \n                                        <div class=\"scrolling-title elementor-repeater-item-9ceca7b\">\n                                            <a href=\"#\"  title=\"\u00b7\"><span>\u00b7<\/span><\/a>                                        <\/div>\n\n                                        \n                                    <\/div>\n                                <\/div>\n                                                            <div class=\"elementor-scrolling-item\">\n                                    <div class=\"elementor-scrolling-item-inner\">\n\n                                        \n                                        <div class=\"scrolling-title elementor-repeater-item-0fc43ea\">\n                                            <a href=\"#\"  title=\"zomincement\"><span>zomincement<\/span><\/a>                                        <\/div>\n\n                                        \n                                    <\/div>\n                                <\/div>\n                                                            <div class=\"elementor-scrolling-item\">\n                                    <div class=\"elementor-scrolling-item-inner\">\n\n                                        \n                                        <div class=\"scrolling-title elementor-repeater-item-121ec93\">\n                                            <a href=\"#\"  title=\"\u00b7\"><span>\u00b7<\/span><\/a>                                        <\/div>\n\n                                        \n                                    <\/div>\n                                <\/div>\n                                                            <div class=\"elementor-scrolling-item\">\n                                    <div class=\"elementor-scrolling-item-inner\">\n\n                                        \n                                        <div class=\"scrolling-title elementor-repeater-item-b5707e4\">\n                                            <a href=\"#\"  title=\"zomincement\"><span>zomincement<\/span><\/a>                                        <\/div>\n\n                                        \n                                    <\/div>\n                                <\/div>\n                                                    <\/div>\n                                                <div class=\"elementor-scrolling-inner\">\n                                                            <div class=\"elementor-scrolling-item\">\n                                    <div class=\"elementor-scrolling-item-inner\">\n\n                                        \n                                        <div class=\"scrolling-title elementor-repeater-item-9ceca7b\">\n                                            <a href=\"#\"  title=\"\u00b7\"><span>\u00b7<\/span><\/a>                                        <\/div>\n\n                                        \n                                    <\/div>\n                                <\/div>\n                                                            <div class=\"elementor-scrolling-item\">\n                                    <div class=\"elementor-scrolling-item-inner\">\n\n                                        \n                                        <div class=\"scrolling-title elementor-repeater-item-0fc43ea\">\n                                            <a href=\"#\"  title=\"zomincement\"><span>zomincement<\/span><\/a>                                        <\/div>\n\n                                        \n                                    <\/div>\n                                <\/div>\n                                                            <div class=\"elementor-scrolling-item\">\n                                    <div class=\"elementor-scrolling-item-inner\">\n\n                                        \n                                        <div class=\"scrolling-title elementor-repeater-item-121ec93\">\n                                            <a href=\"#\"  title=\"\u00b7\"><span>\u00b7<\/span><\/a>                                        <\/div>\n\n                                        \n                                    <\/div>\n                                <\/div>\n                                                            <div class=\"elementor-scrolling-item\">\n                                    <div class=\"elementor-scrolling-item-inner\">\n\n                                        \n                                        <div class=\"scrolling-title elementor-repeater-item-b5707e4\">\n                                            <a href=\"#\"  title=\"zomincement\"><span>zomincement<\/span><\/a>                                        <\/div>\n\n                                        \n                                    <\/div>\n                                <\/div>\n                                                    <\/div>\n                                                <div class=\"elementor-scrolling-inner\">\n                                                            <div class=\"elementor-scrolling-item\">\n                                    <div class=\"elementor-scrolling-item-inner\">\n\n                                        \n                                        <div class=\"scrolling-title elementor-repeater-item-9ceca7b\">\n                                            <a href=\"#\"  title=\"\u00b7\"><span>\u00b7<\/span><\/a>                                        <\/div>\n\n                                        \n                                    <\/div>\n                                <\/div>\n                                                            <div class=\"elementor-scrolling-item\">\n                                    <div class=\"elementor-scrolling-item-inner\">\n\n                                        \n                                        <div class=\"scrolling-title elementor-repeater-item-0fc43ea\">\n                                            <a href=\"#\"  title=\"zomincement\"><span>zomincement<\/span><\/a>                                        <\/div>\n\n                                        \n                                    <\/div>\n                                <\/div>\n                                                            <div class=\"elementor-scrolling-item\">\n                                    <div class=\"elementor-scrolling-item-inner\">\n\n                                        \n                                        <div class=\"scrolling-title elementor-repeater-item-121ec93\">\n                                            <a href=\"#\"  title=\"\u00b7\"><span>\u00b7<\/span><\/a>                                        <\/div>\n\n                                        \n                                    <\/div>\n                                <\/div>\n                                                            <div class=\"elementor-scrolling-item\">\n                                    <div class=\"elementor-scrolling-item-inner\">\n\n                                        \n                                        <div class=\"scrolling-title elementor-repeater-item-b5707e4\">\n                                            <a href=\"#\"  title=\"zomincement\"><span>zomincement<\/span><\/a>                                        <\/div>\n\n                                        \n                                    <\/div>\n                                <\/div>\n                                                    <\/div>\n                                        <\/div>\n            <\/div>\n            \t\t\t\t<\/div>\n\t\t\t\t<\/div>\n\t\t\t\t<div class=\"elementor-element elementor-element-c5b640d elementor-widget__width-initial animated-fast elementor-invisible elementor-widget elementor-widget-heading\" data-id=\"c5b640d\" data-element_type=\"widget\" data-settings=\"{&quot;_animation&quot;:&quot;opal-move-up&quot;}\" data-widget_type=\"heading.default\">\n\t\t\t\t<div class=\"elementor-widget-container\">\n\t\t\t\t\t<h2 class=\"elementor-heading-title elementor-size-default\">Test Analizleri<\/h2>\t\t\t\t<\/div>\n\t\t\t\t<\/div>\n\t\t\t\t<div class=\"elementor-element elementor-element-3256b2f animated-fast elementor-invisible elementor-widget elementor-widget-heading\" data-id=\"3256b2f\" data-element_type=\"widget\" data-settings=\"{&quot;_animation&quot;:&quot;opal-move-up&quot;}\" data-widget_type=\"heading.default\">\n\t\t\t\t<div class=\"elementor-widget-container\">\n\t\t\t\t\t<div class=\"elementor-heading-title elementor-size-default\">Zomin Cement olarak beyaz \u00e7imento \u00fcretiminde en y\u00fcksek kalite standartlar\u0131n\u0131 kar\u015f\u0131lamaktay\u0131z. Her pakette ayn\u0131 kalite.<\/div>\t\t\t\t<\/div>\n\t\t\t\t<\/div>\n\t\t\t\t\t<\/div>\n\t\t\t\t<\/div>\n\t\t<div class=\"elementor-element elementor-element-f354a83 animated-fast e-flex e-con-boxed elementor-invisible e-con e-parent\" data-id=\"f354a83\" data-element_type=\"container\" data-settings=\"{&quot;animation&quot;:&quot;opal-move-up&quot;}\">\n\t\t\t\t\t<div class=\"e-con-inner\">\n\t\t<div class=\"elementor-element elementor-element-60db682 e-con-full e-flex e-con e-child\" data-id=\"60db682\" data-element_type=\"container\">\n\t\t<div class=\"elementor-element elementor-element-84644d5 e-con-full box-img-hover e-flex e-con e-child\" data-id=\"84644d5\" data-element_type=\"container\">\n\t\t\t\t<div class=\"elementor-element elementor-element-4940f57 elementor-widget elementor-widget-image\" data-id=\"4940f57\" data-element_type=\"widget\" data-widget_type=\"image.default\">\n\t\t\t\t<div class=\"elementor-widget-container\">\n\t\t\t\t\t\t\t\t\t\t\t\t\t\t\t<img decoding=\"async\" src=\"https:\/\/zomincement.uz\/wp-content\/uploads\/2025\/04\/aw1.svg\" title=\"\" alt=\"\" loading=\"lazy\" \/>\t\t\t\t\t\t\t\t\t\t\t\t\t\t\t<\/div>\n\t\t\t\t<\/div>\n\t\t\t\t<div class=\"elementor-element elementor-element-881dc1c elementor-widget elementor-widget-heading\" data-id=\"881dc1c\" data-element_type=\"widget\" data-widget_type=\"heading.default\">\n\t\t\t\t<div class=\"elementor-widget-container\">\n\t\t\t\t\t<div class=\"elementor-heading-title elementor-size-default\">2025<\/div>\t\t\t\t<\/div>\n\t\t\t\t<\/div>\n\t\t\t\t<div class=\"elementor-element elementor-element-532b888 elementor-widget__width-initial elementor-widget elementor-widget-heading\" data-id=\"532b888\" data-element_type=\"widget\" data-widget_type=\"heading.default\">\n\t\t\t\t<div class=\"elementor-widget-container\">\n\t\t\t\t\t<h5 class=\"elementor-heading-title elementor-size-default\">#<\/h5>\t\t\t\t<\/div>\n\t\t\t\t<\/div>\n\t\t\t\t<div class=\"elementor-element elementor-element-36c5bfd elementor-widget elementor-widget-text-editor\" data-id=\"36c5bfd\" data-element_type=\"widget\" data-widget_type=\"text-editor.default\">\n\t\t\t\t<div class=\"elementor-widget-container\">\n\t\t\t\t\t\t\t\t\t<p>#<\/p>\t\t\t\t\t\t\t\t<\/div>\n\t\t\t\t<\/div>\n\t\t\t\t<\/div>\n\t\t\t\t<div class=\"elementor-element elementor-element-72b3ae5 elementor-widget-divider--view-line elementor-widget elementor-widget-divider\" data-id=\"72b3ae5\" data-element_type=\"widget\" data-widget_type=\"divider.default\">\n\t\t\t\t<div class=\"elementor-widget-container\">\n\t\t\t\t\t\t\t<div class=\"elementor-divider\">\n\t\t\t<span class=\"elementor-divider-separator\">\n\t\t\t\t\t\t<\/span>\n\t\t<\/div>\n\t\t\t\t\t\t<\/div>\n\t\t\t\t<\/div>\n\t\t<div class=\"elementor-element elementor-element-419881b e-con-full box-img-hover e-flex e-con e-child\" data-id=\"419881b\" data-element_type=\"container\">\n\t\t\t\t<div class=\"elementor-element elementor-element-1158dd3 elementor-widget elementor-widget-heading\" data-id=\"1158dd3\" data-element_type=\"widget\" data-widget_type=\"heading.default\">\n\t\t\t\t<div class=\"elementor-widget-container\">\n\t\t\t\t\t<div class=\"elementor-heading-title elementor-size-default\">2025<\/div>\t\t\t\t<\/div>\n\t\t\t\t<\/div>\n\t\t\t\t<div class=\"elementor-element elementor-element-0ea29da elementor-widget__width-initial elementor-widget elementor-widget-heading\" data-id=\"0ea29da\" data-element_type=\"widget\" data-widget_type=\"heading.default\">\n\t\t\t\t<div class=\"elementor-widget-container\">\n\t\t\t\t\t<h5 class=\"elementor-heading-title elementor-size-default\">#<\/h5>\t\t\t\t<\/div>\n\t\t\t\t<\/div>\n\t\t\t\t<div class=\"elementor-element elementor-element-17ef27f elementor-widget elementor-widget-text-editor\" data-id=\"17ef27f\" data-element_type=\"widget\" data-widget_type=\"text-editor.default\">\n\t\t\t\t<div class=\"elementor-widget-container\">\n\t\t\t\t\t\t\t\t\t<p>#<\/p>\t\t\t\t\t\t\t\t<\/div>\n\t\t\t\t<\/div>\n\t\t\t\t<\/div>\n\t\t\t\t<div class=\"elementor-element elementor-element-38afafd elementor-widget-divider--view-line elementor-widget elementor-widget-divider\" data-id=\"38afafd\" data-element_type=\"widget\" data-widget_type=\"divider.default\">\n\t\t\t\t<div class=\"elementor-widget-container\">\n\t\t\t\t\t\t\t<div class=\"elementor-divider\">\n\t\t\t<span class=\"elementor-divider-separator\">\n\t\t\t\t\t\t<\/span>\n\t\t<\/div>\n\t\t\t\t\t\t<\/div>\n\t\t\t\t<\/div>\n\t\t\t\t<\/div>\n\t\t<div class=\"elementor-element elementor-element-814ab42 e-con-full e-flex e-con e-child\" data-id=\"814ab42\" data-element_type=\"container\">\n\t\t<div class=\"elementor-element elementor-element-be59f36 e-con-full box-img-hover e-flex e-con e-child\" data-id=\"be59f36\" data-element_type=\"container\">\n\t\t\t\t<div class=\"elementor-element elementor-element-b512e2e elementor-widget elementor-widget-image\" data-id=\"b512e2e\" data-element_type=\"widget\" data-widget_type=\"image.default\">\n\t\t\t\t<div class=\"elementor-widget-container\">\n\t\t\t\t\t\t\t\t\t\t\t\t\t\t\t<img decoding=\"async\" src=\"https:\/\/zomincement.uz\/wp-content\/uploads\/2025\/04\/aw3.svg\" title=\"\" alt=\"\" loading=\"lazy\" \/>\t\t\t\t\t\t\t\t\t\t\t\t\t\t\t<\/div>\n\t\t\t\t<\/div>\n\t\t\t\t<div class=\"elementor-element elementor-element-a4ae762 elementor-widget elementor-widget-heading\" data-id=\"a4ae762\" data-element_type=\"widget\" data-widget_type=\"heading.default\">\n\t\t\t\t<div class=\"elementor-widget-container\">\n\t\t\t\t\t<div class=\"elementor-heading-title elementor-size-default\">2025<\/div>\t\t\t\t<\/div>\n\t\t\t\t<\/div>\n\t\t\t\t<div class=\"elementor-element elementor-element-c902d04 elementor-widget__width-initial elementor-widget elementor-widget-heading\" data-id=\"c902d04\" data-element_type=\"widget\" data-widget_type=\"heading.default\">\n\t\t\t\t<div class=\"elementor-widget-container\">\n\t\t\t\t\t<h5 class=\"elementor-heading-title elementor-size-default\">#<\/h5>\t\t\t\t<\/div>\n\t\t\t\t<\/div>\n\t\t\t\t<div class=\"elementor-element elementor-element-4080f1b elementor-widget elementor-widget-text-editor\" data-id=\"4080f1b\" data-element_type=\"widget\" data-widget_type=\"text-editor.default\">\n\t\t\t\t<div class=\"elementor-widget-container\">\n\t\t\t\t\t\t\t\t\t<p>#<\/p>\t\t\t\t\t\t\t\t<\/div>\n\t\t\t\t<\/div>\n\t\t\t\t<\/div>\n\t\t\t\t<div class=\"elementor-element elementor-element-14f46f6 elementor-widget-divider--view-line elementor-widget elementor-widget-divider\" data-id=\"14f46f6\" data-element_type=\"widget\" data-widget_type=\"divider.default\">\n\t\t\t\t<div class=\"elementor-widget-container\">\n\t\t\t\t\t\t\t<div class=\"elementor-divider\">\n\t\t\t<span class=\"elementor-divider-separator\">\n\t\t\t\t\t\t<\/span>\n\t\t<\/div>\n\t\t\t\t\t\t<\/div>\n\t\t\t\t<\/div>\n\t\t<div class=\"elementor-element elementor-element-95bd8a0 e-con-full box-img-hover e-flex e-con e-child\" data-id=\"95bd8a0\" data-element_type=\"container\">\n\t\t\t\t<div class=\"elementor-element elementor-element-312bdac elementor-widget elementor-widget-heading\" data-id=\"312bdac\" data-element_type=\"widget\" data-widget_type=\"heading.default\">\n\t\t\t\t<div class=\"elementor-widget-container\">\n\t\t\t\t\t<div class=\"elementor-heading-title elementor-size-default\">2025<\/div>\t\t\t\t<\/div>\n\t\t\t\t<\/div>\n\t\t\t\t<div class=\"elementor-element elementor-element-dd925c5 elementor-widget__width-initial elementor-widget elementor-widget-heading\" data-id=\"dd925c5\" data-element_type=\"widget\" data-widget_type=\"heading.default\">\n\t\t\t\t<div class=\"elementor-widget-container\">\n\t\t\t\t\t<h5 class=\"elementor-heading-title elementor-size-default\">#<\/h5>\t\t\t\t<\/div>\n\t\t\t\t<\/div>\n\t\t\t\t<div class=\"elementor-element elementor-element-1e418a0 elementor-widget elementor-widget-text-editor\" data-id=\"1e418a0\" data-element_type=\"widget\" data-widget_type=\"text-editor.default\">\n\t\t\t\t<div class=\"elementor-widget-container\">\n\t\t\t\t\t\t\t\t\t<p>#<\/p>\t\t\t\t\t\t\t\t<\/div>\n\t\t\t\t<\/div>\n\t\t\t\t<\/div>\n\t\t\t\t<div class=\"elementor-element elementor-element-6cb733e elementor-widget-divider--view-line elementor-widget elementor-widget-divider\" data-id=\"6cb733e\" data-element_type=\"widget\" data-widget_type=\"divider.default\">\n\t\t\t\t<div class=\"elementor-widget-container\">\n\t\t\t\t\t\t\t<div class=\"elementor-divider\">\n\t\t\t<span class=\"elementor-divider-separator\">\n\t\t\t\t\t\t<\/span>\n\t\t<\/div>\n\t\t\t\t\t\t<\/div>\n\t\t\t\t<\/div>\n\t\t\t\t<\/div>\n\t\t<div class=\"elementor-element elementor-element-a828f49 e-con-full e-flex e-con e-child\" data-id=\"a828f49\" data-element_type=\"container\">\n\t\t<div class=\"elementor-element elementor-element-b647f5c e-con-full box-img-hover e-flex e-con e-child\" data-id=\"b647f5c\" data-element_type=\"container\">\n\t\t\t\t<div class=\"elementor-element elementor-element-736844c elementor-widget elementor-widget-image\" data-id=\"736844c\" data-element_type=\"widget\" data-widget_type=\"image.default\">\n\t\t\t\t<div class=\"elementor-widget-container\">\n\t\t\t\t\t\t\t\t\t\t\t\t\t\t\t<img decoding=\"async\" src=\"https:\/\/zomincement.uz\/wp-content\/uploads\/2025\/04\/aw2.svg\" title=\"\" alt=\"\" loading=\"lazy\" \/>\t\t\t\t\t\t\t\t\t\t\t\t\t\t\t<\/div>\n\t\t\t\t<\/div>\n\t\t\t\t<div class=\"elementor-element elementor-element-862c187 elementor-widget elementor-widget-heading\" data-id=\"862c187\" data-element_type=\"widget\" data-widget_type=\"heading.default\">\n\t\t\t\t<div class=\"elementor-widget-container\">\n\t\t\t\t\t<div class=\"elementor-heading-title elementor-size-default\">2025<\/div>\t\t\t\t<\/div>\n\t\t\t\t<\/div>\n\t\t\t\t<div class=\"elementor-element elementor-element-9a3ffc1 elementor-widget__width-initial elementor-widget elementor-widget-heading\" data-id=\"9a3ffc1\" data-element_type=\"widget\" data-widget_type=\"heading.default\">\n\t\t\t\t<div class=\"elementor-widget-container\">\n\t\t\t\t\t<h5 class=\"elementor-heading-title elementor-size-default\">#<\/h5>\t\t\t\t<\/div>\n\t\t\t\t<\/div>\n\t\t\t\t<div class=\"elementor-element elementor-element-c284233 elementor-widget elementor-widget-text-editor\" data-id=\"c284233\" data-element_type=\"widget\" data-widget_type=\"text-editor.default\">\n\t\t\t\t<div class=\"elementor-widget-container\">\n\t\t\t\t\t\t\t\t\t<p>#<\/p>\t\t\t\t\t\t\t\t<\/div>\n\t\t\t\t<\/div>\n\t\t\t\t<\/div>\n\t\t\t\t<div class=\"elementor-element elementor-element-15215a8 elementor-widget-divider--view-line elementor-widget elementor-widget-divider\" data-id=\"15215a8\" data-element_type=\"widget\" data-widget_type=\"divider.default\">\n\t\t\t\t<div class=\"elementor-widget-container\">\n\t\t\t\t\t\t\t<div class=\"elementor-divider\">\n\t\t\t<span class=\"elementor-divider-separator\">\n\t\t\t\t\t\t<\/span>\n\t\t<\/div>\n\t\t\t\t\t\t<\/div>\n\t\t\t\t<\/div>\n\t\t<div class=\"elementor-element elementor-element-54618dd e-con-full box-img-hover e-flex e-con e-child\" data-id=\"54618dd\" data-element_type=\"container\">\n\t\t\t\t<div class=\"elementor-element elementor-element-c7b6630 elementor-widget elementor-widget-heading\" data-id=\"c7b6630\" data-element_type=\"widget\" data-widget_type=\"heading.default\">\n\t\t\t\t<div class=\"elementor-widget-container\">\n\t\t\t\t\t<div class=\"elementor-heading-title elementor-size-default\">2025<\/div>\t\t\t\t<\/div>\n\t\t\t\t<\/div>\n\t\t\t\t<div class=\"elementor-element elementor-element-278877e elementor-widget__width-initial elementor-widget elementor-widget-heading\" data-id=\"278877e\" data-element_type=\"widget\" data-widget_type=\"heading.default\">\n\t\t\t\t<div class=\"elementor-widget-container\">\n\t\t\t\t\t<h5 class=\"elementor-heading-title elementor-size-default\">#<\/h5>\t\t\t\t<\/div>\n\t\t\t\t<\/div>\n\t\t\t\t<div class=\"elementor-element elementor-element-8e78d4c elementor-widget elementor-widget-text-editor\" data-id=\"8e78d4c\" data-element_type=\"widget\" data-widget_type=\"text-editor.default\">\n\t\t\t\t<div class=\"elementor-widget-container\">\n\t\t\t\t\t\t\t\t\t<p>#<\/p>\t\t\t\t\t\t\t\t<\/div>\n\t\t\t\t<\/div>\n\t\t\t\t<\/div>\n\t\t\t\t<div class=\"elementor-element elementor-element-e32aa63 elementor-widget-divider--view-line elementor-widget elementor-widget-divider\" data-id=\"e32aa63\" data-element_type=\"widget\" data-widget_type=\"divider.default\">\n\t\t\t\t<div class=\"elementor-widget-container\">\n\t\t\t\t\t\t\t<div class=\"elementor-divider\">\n\t\t\t<span class=\"elementor-divider-separator\">\n\t\t\t\t\t\t<\/span>\n\t\t<\/div>\n\t\t\t\t\t\t<\/div>\n\t\t\t\t<\/div>\n\t\t\t\t<\/div>\n\t\t\t\t\t<\/div>\n\t\t\t\t<\/div>\n\t\t\t\t<\/div>","protected":false},"excerpt":{"rendered":"<p>Testler \u00b7 zomincement \u00b7 zomincement \u00b7 zomincement \u00b7 zomincement \u00b7 zomincement \u00b7 zomincement Test Analizleri Zomin Cement olarak beyaz \u00e7imento \u00fcretiminde en y\u00fcksek kalite standartlar\u0131n\u0131 kar\u015f\u0131lamaktay\u0131z. Her pakette ayn\u0131 kalite. 2025 # # 2025 # # 2025 # # 2025 # # 2025 # # 2025 # #<\/p>","protected":false},"author":1,"featured_media":0,"parent":0,"menu_order":0,"comment_status":"closed","ping_status":"closed","template":"template-homepage.php","meta":{"inline_featured_image":false,"_themeisle_gutenberg_block_has_review":false,"footnotes":""},"class_list":["post-53","page","type-page","status-publish","hentry"],"_links":{"self":[{"href":"https:\/\/zomincement.uz\/uz\/wp-json\/wp\/v2\/pages\/53","targetHints":{"allow":["GET"]}}],"collection":[{"href":"https:\/\/zomincement.uz\/uz\/wp-json\/wp\/v2\/pages"}],"about":[{"href":"https:\/\/zomincement.uz\/uz\/wp-json\/wp\/v2\/types\/page"}],"author":[{"embeddable":true,"href":"https:\/\/zomincement.uz\/uz\/wp-json\/wp\/v2\/users\/1"}],"replies":[{"embeddable":true,"href":"https:\/\/zomincement.uz\/uz\/wp-json\/wp\/v2\/comments?post=53"}],"version-history":[{"count":7,"href":"https:\/\/zomincement.uz\/uz\/wp-json\/wp\/v2\/pages\/53\/revisions"}],"predecessor-version":[{"id":6601,"href":"https:\/\/zomincement.uz\/uz\/wp-json\/wp\/v2\/pages\/53\/revisions\/6601"}],"wp:attachment":[{"href":"https:\/\/zomincement.uz\/uz\/wp-json\/wp\/v2\/media?parent=53"}],"curies":[{"name":"wp","href":"https:\/\/api.w.org\/{rel}","templated":true}]}}